{"id":3209,"date":"2016-10-14T01:06:17","date_gmt":"2016-10-13T23:06:17","guid":{"rendered":"https:\/\/isic.hu\/?page_id=3209"},"modified":"2019-08-29T12:37:23","modified_gmt":"2019-08-29T10:37:23","slug":"kedvezmenyek-itthon","status":"publish","type":"page","link":"https:\/\/isic.hu\/en\/kedvezmenyek-itthon\/","title":{"rendered":"Discounts in Hungary"},"content":{"rendered":"","protected":false},"excerpt":{"rendered":"","protected":false},"author":1,"featured_media":0,"parent":0,"menu_order":0,"comment_status":"closed","ping_status":"closed","template":"page-kedvezmenyek-itthon.php","meta":{"_acf_changed":false,"footnotes":""},"class_list":["post-3209","page","type-page","status-publish","hentry"],"acf":[],"yoast_head":"<!-- This site is optimized with the Yoast SEO plugin v27.2 - https:\/\/yoast.com\/product\/yoast-seo-wordpress\/ -->\n<title>Discounts in Hungary - ISIC Nemzetk\u00f6zi Di\u00e1kigazolv\u00e1ny<\/title>\n<meta name=\"description\" content=\"Kedvezm\u00e9nyek itthon \u00e9s vil\u00e1gszerte! Magyarorsz\u00e1gon, valamint 126 orsz\u00e1gban, t\u00f6bb mint 150.000 elfogad\u00f3helyen juthatsz kedvezm\u00e9nyekhez(sz\u00e1ll\u00e1shelyek, term\u00e9kek, turisztika, utaz\u00e1s, m\u00fazeumok, gasztron\u00f3mia, l\u00e9git\u00e1rsas\u00e1gok, sz\u00f3rakoz\u00e1s).\" \/>\n<meta name=\"robots\" content=\"index, follow, max-snippet:-1, max-image-preview:large, max-video-preview:-1\" \/>\n<link rel=\"canonical\" href=\"https:\/\/isic.hu\/en\/kedvezmenyek-itthon\/\" \/>\n<meta property=\"og:locale\" content=\"en_US\" \/>\n<meta property=\"og:type\" content=\"article\" \/>\n<meta property=\"og:title\" content=\"[:hu]Kedvezm\u00e9nyek itthon[:en]Discounts in Hungary[:] - ISIC Nemzetk\u00f6zi Di\u00e1kigazolv\u00e1ny\" \/>\n<meta property=\"og:description\" content=\"Kedvezm\u00e9nyek itthon \u00e9s vil\u00e1gszerte! Magyarorsz\u00e1gon, valamint 126 orsz\u00e1gban, t\u00f6bb mint 150.000 elfogad\u00f3helyen juthatsz kedvezm\u00e9nyekhez(sz\u00e1ll\u00e1shelyek, term\u00e9kek, turisztika, utaz\u00e1s, m\u00fazeumok, gasztron\u00f3mia, l\u00e9git\u00e1rsas\u00e1gok, sz\u00f3rakoz\u00e1s).\" \/>\n<meta property=\"og:url\" content=\"https:\/\/isic.hu\/en\/kedvezmenyek-itthon\/\" \/>\n<meta property=\"og:site_name\" content=\"ISIC Nemzetk\u00f6zi Di\u00e1kigazolv\u00e1ny\" \/>\n<meta property=\"article:publisher\" content=\"https:\/\/www.facebook.com\/isic.hu\/\" \/>\n<meta property=\"article:modified_time\" content=\"2019-08-29T10:37:23+00:00\" \/>\n<meta name=\"twitter:card\" content=\"summary_large_image\" \/>\n<script type=\"application\/ld+json\" class=\"yoast-schema-graph\">{\"@context\":\"https:\/\/schema.org\",\"@graph\":[{\"@type\":\"WebPage\",\"@id\":\"https:\/\/isic.hu\/en\/kedvezmenyek-itthon\/\",\"url\":\"https:\/\/isic.hu\/en\/kedvezmenyek-itthon\/\",\"name\":\"[:hu]Kedvezm\u00e9nyek itthon[:en]Discounts in Hungary[:] - ISIC Nemzetk\u00f6zi Di\u00e1kigazolv\u00e1ny\",\"isPartOf\":{\"@id\":\"https:\/\/isic.hu\/#website\"},\"datePublished\":\"2016-10-13T23:06:17+00:00\",\"dateModified\":\"2019-08-29T10:37:23+00:00\",\"description\":\"Kedvezm\u00e9nyek itthon \u00e9s vil\u00e1gszerte! Magyarorsz\u00e1gon, valamint 126 orsz\u00e1gban, t\u00f6bb mint 150.000 elfogad\u00f3helyen juthatsz kedvezm\u00e9nyekhez(sz\u00e1ll\u00e1shelyek, term\u00e9kek, turisztika, utaz\u00e1s, m\u00fazeumok, gasztron\u00f3mia, l\u00e9git\u00e1rsas\u00e1gok, sz\u00f3rakoz\u00e1s).\",\"breadcrumb\":{\"@id\":\"https:\/\/isic.hu\/en\/kedvezmenyek-itthon\/#breadcrumb\"},\"inLanguage\":\"en-US\",\"potentialAction\":[{\"@type\":\"ReadAction\",\"target\":[\"https:\/\/isic.hu\/en\/kedvezmenyek-itthon\/\"]}]},{\"@type\":\"BreadcrumbList\",\"@id\":\"https:\/\/isic.hu\/en\/kedvezmenyek-itthon\/#breadcrumb\",\"itemListElement\":[{\"@type\":\"ListItem\",\"position\":1,\"name\":\"Home\",\"item\":\"https:\/\/isic.hu\/en\/\"},{\"@type\":\"ListItem\",\"position\":2,\"name\":\"Discounts in Hungary\"}]},{\"@type\":\"WebSite\",\"@id\":\"https:\/\/isic.hu\/#website\",\"url\":\"https:\/\/isic.hu\/\",\"name\":\"ISIC Nemzetk\u00f6zi Di\u00e1kigazolv\u00e1ny\",\"description\":\"International Student Card\",\"potentialAction\":[{\"@type\":\"SearchAction\",\"target\":{\"@type\":\"EntryPoint\",\"urlTemplate\":\"https:\/\/isic.hu\/?s={search_term_string}\"},\"query-input\":{\"@type\":\"PropertyValueSpecification\",\"valueRequired\":true,\"valueName\":\"search_term_string\"}}],\"inLanguage\":\"en-US\"}]}<\/script>\n<!-- \/ Yoast SEO plugin. -->","yoast_head_json":{"title":"[:hu]Kedvezm\u00e9nyek itthon[:en]Discounts in Hungary[:] - ISIC Nemzetk\u00f6zi Di\u00e1kigazolv\u00e1ny","description":"Kedvezm\u00e9nyek itthon \u00e9s vil\u00e1gszerte! Magyarorsz\u00e1gon, valamint 126 orsz\u00e1gban, t\u00f6bb mint 150.000 elfogad\u00f3helyen juthatsz kedvezm\u00e9nyekhez(sz\u00e1ll\u00e1shelyek, term\u00e9kek, turisztika, utaz\u00e1s, m\u00fazeumok, gasztron\u00f3mia, l\u00e9git\u00e1rsas\u00e1gok, sz\u00f3rakoz\u00e1s).","robots":{"index":"index","follow":"follow","max-snippet":"max-snippet:-1","max-image-preview":"max-image-preview:large","max-video-preview":"max-video-preview:-1"},"canonical":"https:\/\/isic.hu\/en\/kedvezmenyek-itthon\/","og_locale":"en_US","og_type":"article","og_title":"[:hu]Kedvezm\u00e9nyek itthon[:en]Discounts in Hungary[:] - ISIC Nemzetk\u00f6zi Di\u00e1kigazolv\u00e1ny","og_description":"Kedvezm\u00e9nyek itthon \u00e9s vil\u00e1gszerte! Magyarorsz\u00e1gon, valamint 126 orsz\u00e1gban, t\u00f6bb mint 150.000 elfogad\u00f3helyen juthatsz kedvezm\u00e9nyekhez(sz\u00e1ll\u00e1shelyek, term\u00e9kek, turisztika, utaz\u00e1s, m\u00fazeumok, gasztron\u00f3mia, l\u00e9git\u00e1rsas\u00e1gok, sz\u00f3rakoz\u00e1s).","og_url":"https:\/\/isic.hu\/en\/kedvezmenyek-itthon\/","og_site_name":"ISIC Nemzetk\u00f6zi Di\u00e1kigazolv\u00e1ny","article_publisher":"https:\/\/www.facebook.com\/isic.hu\/","article_modified_time":"2019-08-29T10:37:23+00:00","twitter_card":"summary_large_image","schema":{"@context":"https:\/\/schema.org","@graph":[{"@type":"WebPage","@id":"https:\/\/isic.hu\/en\/kedvezmenyek-itthon\/","url":"https:\/\/isic.hu\/en\/kedvezmenyek-itthon\/","name":"[:hu]Kedvezm\u00e9nyek itthon[:en]Discounts in Hungary[:] - ISIC Nemzetk\u00f6zi Di\u00e1kigazolv\u00e1ny","isPartOf":{"@id":"https:\/\/isic.hu\/#website"},"datePublished":"2016-10-13T23:06:17+00:00","dateModified":"2019-08-29T10:37:23+00:00","description":"Kedvezm\u00e9nyek itthon \u00e9s vil\u00e1gszerte! Magyarorsz\u00e1gon, valamint 126 orsz\u00e1gban, t\u00f6bb mint 150.000 elfogad\u00f3helyen juthatsz kedvezm\u00e9nyekhez(sz\u00e1ll\u00e1shelyek, term\u00e9kek, turisztika, utaz\u00e1s, m\u00fazeumok, gasztron\u00f3mia, l\u00e9git\u00e1rsas\u00e1gok, sz\u00f3rakoz\u00e1s).","breadcrumb":{"@id":"https:\/\/isic.hu\/en\/kedvezmenyek-itthon\/#breadcrumb"},"inLanguage":"en-US","potentialAction":[{"@type":"ReadAction","target":["https:\/\/isic.hu\/en\/kedvezmenyek-itthon\/"]}]},{"@type":"BreadcrumbList","@id":"https:\/\/isic.hu\/en\/kedvezmenyek-itthon\/#breadcrumb","itemListElement":[{"@type":"ListItem","position":1,"name":"Home","item":"https:\/\/isic.hu\/en\/"},{"@type":"ListItem","position":2,"name":"Discounts in Hungary"}]},{"@type":"WebSite","@id":"https:\/\/isic.hu\/#website","url":"https:\/\/isic.hu\/","name":"ISIC Nemzetk\u00f6zi Di\u00e1kigazolv\u00e1ny","description":"International Student Card","potentialAction":[{"@type":"SearchAction","target":{"@type":"EntryPoint","urlTemplate":"https:\/\/isic.hu\/?s={search_term_string}"},"query-input":{"@type":"PropertyValueSpecification","valueRequired":true,"valueName":"search_term_string"}}],"inLanguage":"en-US"}]}},"_links":{"self":[{"href":"https:\/\/isic.hu\/en\/wp-json\/wp\/v2\/pages\/3209","targetHints":{"allow":["GET"]}}],"collection":[{"href":"https:\/\/isic.hu\/en\/wp-json\/wp\/v2\/pages"}],"about":[{"href":"https:\/\/isic.hu\/en\/wp-json\/wp\/v2\/types\/page"}],"author":[{"embeddable":true,"href":"https:\/\/isic.hu\/en\/wp-json\/wp\/v2\/users\/1"}],"replies":[{"embeddable":true,"href":"https:\/\/isic.hu\/en\/wp-json\/wp\/v2\/comments?post=3209"}],"version-history":[{"count":1,"href":"https:\/\/isic.hu\/en\/wp-json\/wp\/v2\/pages\/3209\/revisions"}],"predecessor-version":[{"id":3210,"href":"https:\/\/isic.hu\/en\/wp-json\/wp\/v2\/pages\/3209\/revisions\/3210"}],"wp:attachment":[{"href":"https:\/\/isic.hu\/en\/wp-json\/wp\/v2\/media?parent=3209"}],"curies":[{"name":"wp","href":"https:\/\/api.w.org\/{rel}","templated":true}]}}