{"id":3432,"date":"2018-05-22T18:08:38","date_gmt":"2018-05-22T16:08:38","guid":{"rendered":"https:\/\/isic.hu\/?page_id=3432"},"modified":"2024-01-08T16:30:15","modified_gmt":"2024-01-08T15:30:15","slug":"adatvedelmi-tajekoztato","status":"publish","type":"page","link":"https:\/\/isic.hu\/en\/adatvedelmi-tajekoztato\/","title":{"rendered":"Privacy Policy"},"content":{"rendered":"<p><\/p>\n<p><\/p>\n<p><strong> 1. The fundamental laws of data management<\/strong><\/p>\n<p>Act CXII of 2011. on informational self-determination and freedom of information,<\/p>\n<p>Regulation 2016\/679\/EU on the protection of natural persons with regard to the processing of personal data and on the free movement of such data, and repealing Directive 95\/46\/EC (General Data Protection Regulation)<\/p>\n<p><strong> 2. Data management ethics<\/strong><\/p>\n<p>OTP Travel Llc. takes the necessary steps with the personal data of their customers in making sure to always:<\/p>\n<p>(a) handle them lawfully and ethically according to the proper lawful basis (lawfulness, fairness and transparency);<\/p>\n<p>(b) collect them only for regulated, obvious and lawful purpose, and do not use them in a way that contradicts this purpose (purpose limitation);<\/p>\n<p>(c) use them only for reasons that are relevant and necessary the data management\u2019s reasons (data minimization);<\/p>\n<p>(d) ensure that they are precise and make sure they are ready to be used; if possible, always delete or edit incorrect data (accuracy);<\/p>\n<p>(e) store them in a way that the customer\u2019s identification is only possible for a limited time when handling their personal data; storing them longer than that should only be for statistical purposes, with the proper technical and administrative cautions taken (storage limitations);<\/p>\n<p>(f) secure that the necessary technical and administrative steps are taken to ensure the safety of the personal data stored, this includes the measures against the wrongful or unlawful use of data, accidental loss, destruction or impairment (integrity and confidentiality).<\/p>\n<p><strong> 3. The data handled by OTP Travel Llc, purpose of data management, legal basis and time period <\/strong><\/p>\n<p>OTP Travel Llc manages data that is necessary for data management purposes, data that is indispensable for the identification of customers\/partners, furthermore, manages the data needed to contact customers\/partners.<\/p>\n<p>The legal basis of data management is always the consent of the customer\/partner. The consent to the data management is valid until the time indicated by customer\/partner.<\/p>\n<p>The customer\/partner can request personal consultation about the personal data (about the purpose of the data management, legal basis, type of data, transmission of data, time period of data management, the profile creation\u2019s system) that OTP Travel Llc possesses about them. This request can be done through the contact information below:<\/p>\n<p>E-mail: adatvedelem@studentpass.hu<br \/>\nPhone: +36 1 354 7313<br \/>\nAddress: 1052 Budapest, De\u00e1k Ferenc utca 7-9.<\/p>\n<p><strong> 4. Client access rights<\/strong><\/p>\n<p>The client can access their personal data.<\/p>\n<p>The client can request OTP Travel Llc to provide information on how the company handles their personal data.<br \/>\nThe client\u2019s right to receive information about how their personal data is being managed by OTP Travel Llc:<br \/>\n(a) is only valid for their own personal data;<br \/>\n(b) does not include anonymous data;<br \/>\n(c) does not include personal data that is not theirs; and<br \/>\n(d) includes data under incognito that can clearly be tied to the client.<\/p>\n<p><strong> 5. Client\u2019s right to correct information<\/strong><\/p>\n<p>The client has the right to correct their personal data. This right<br \/>\n(a) does not include anonymous data;<br \/>\n(b) is only valid for their own personal data;<br \/>\n(c) does not include personal data that is not theirs; and<br \/>\n(d) includes data under incognito that can clearly be tied to the client.<\/p>\n<p>Based on the request of the client, OTP Travel Llc corrects or adds to their personal data. When this happens OTP Travel Llc notifies the recipient of the personal data (if there is such). However, if it proves to be impossible or too difficult, OTP Travel Llc will not notify the recipient.<\/p>\n<p><strong> 6. Client\u2019s right to delete information<\/strong><\/p>\n<p>Based on certain criterium the client can have the right to delete their personal data.<\/p>\n<p>OTP Travel Llc is obligated to delete the client\u2019s personal data without justified delay, in case:<br \/>\n(a) OTP Travel Llc is handling the personal data, and<br \/>\n(b) the client is requesting the deletion of their personal data, and<br \/>\n(c) the personal data is not needed for the purposes of the company\u2019s data management.<\/p>\n<p>OTP Travel Llc is obligated to delete the client\u2019s personal data without justified delay, in case:<br \/>\n(d) OTP Travel Llc is handling the personal data, and<br \/>\n(e) the client is requesting the deletion of their personal data, and<br \/>\n(f) the client withdraws their consent to the management of their personal data, and<br \/>\n(g) there is no further legal basis for the use of the client\u2019s data.<\/p>\n<p>OTP Travel Llc is obligated to delete the client\u2019s personal data without justified delay, in case:<br \/>\n(h) the data management is necessary for the validation of OTP Travel Llc or a third party\u2019s rightful interests, and<br \/>\n(i) the client is against the usage of their personal data by OTP Travel Llc, and<br \/>\n(j) the legal purpose of the data management is not prioritized over the client\u2019s objection.<\/p>\n<p>OTP Travel Llc is obligated to delete the client\u2019s personal data without justified delay, in case:<br \/>\n(k) the client is requesting the deletion of their personal data, and<br \/>\n(l) the management of such data by the company is not illicit, or<br \/>\n(m) the deletion is mandated by the operative laws, or<br \/>\n(n) the client\u2019s data is being collected for informational societal services.<\/p>\n<p>OTP Travel Llc notifies the recipient of the personal data (if there is such) about the deletion of their data. However, if it proves to be impossible or too difficult, OTP Travel Llc will not notify the recipient.<\/p>\n<p><strong> 7. The client\u2019s right to the limitation of data management <\/strong><\/p>\n<p>The client can request the limitation of the management of their personal data.<\/p>\n<p>The client\u2019s right to request the limitation of the management of their personal data<br \/>\n(a) does not include anonymous data;<br \/>\n(b) is only valid for their own personal data;<br \/>\n(c) does not include personal data that is not about them; and<br \/>\n(d) includes data under incognito that can clearly be tied to the client.<\/p>\n<p>OTP Travel Llc limits the management of the client\u2019s personal data, when the data is being checked for precision, if the client requests the limitation of the management of their personal data and the client argues the precision of their data.<\/p>\n<p>OTP Travel Llc limits the management of the client\u2019s personal data if the client requests the limitation of personal data which is illicit to manage, and the client is against the deletion of such data.<\/p>\n<p>OTP Travel Llc limits the management of the client\u2019s personal data, in case<br \/>\n(a) the client is requesting limitation on the management of their personal data, and<br \/>\n(b) OTP Travel Llc does not need this data for the purpose of data management, and<br \/>\n(c) needs the client\u2019s data for the proposal, validation or protection of a legal claim.<\/p>\n<p>OTP Travel Llc limits the management of the client\u2019s personal data, in case<br \/>\n(a) The client objects the use of their personal data, which is necessary for the rightful interests of OTP Travel Llc, and<br \/>\n(b) the client is waiting for the confirmation, that there is a rightful reason for OTP Travel Llc to use their data, which does not have priority against the client\u2019s objection.<\/p>\n<p>OTP Travel Llc notifies the recipient of the personal data (if there is such) about the limitation on the management of their personal data. However, if it proves to be impossible or too difficult, OTP Travel Llc will not notify the recipient.<\/p>\n<p>If OTP Travel Llc limits the management of the client\u2019s personal data, then<br \/>\n(a) they can store such personal data,<br \/>\n(b) based on the consent of the client, they can manage such personal data,<br \/>\n(c) they can use the data for the proposition, validation or protection of legal claims.<\/p>\n<p>OTP Travel Llc cannot use client data for direct business acquisition, including generating profit or automated decision making in special cases.<\/p>\n<p><strong> 8. The client\u2019s right to data portability <\/strong><\/p>\n<p>The client has the right to receive their own personal data in a structured, commonly used and machine-readable format. Furthermore, the client has the right to request that a controller transmit this data directly to another controller without the incapacitation (if technologically possible) of the controller which the personal data was consented to, if the data management is based on consent or is necessary for the completion of the contract and the data management is done automatically.<\/p>\n<p>The client\u2019s right to data portability<br \/>\n(a) does not include anonymous data;<br \/>\n(b) is only valid for their own personal data;<br \/>\n(c) does not include personal data that is not about them; and<br \/>\n(d) includes data under incognito that can clearly be tied to the client.<\/p>\n<p><strong> 9. The client\u2019s, as affected party\u2019s, request\u2019s processing time <\/strong><\/p>\n<p>OTP Travel Llc replies to the client based on the request rights above, in the following time periods.<\/p>\n<table>\n<tbody>\n<tr>\n<td><strong>Request of affected party<\/strong><\/td>\n<td><strong>Deadline to reply<\/strong><\/td>\n<\/tr>\n<tr>\n<td>Right to debriefing<\/td>\n<td>When the data is collected (if the affected party delivers it) or in a month (if it is not delivered by the affected party)<\/td>\n<\/tr>\n<tr>\n<td>Right to access<\/td>\n<td>One month<\/td>\n<\/tr>\n<tr>\n<td>Right to correct<\/td>\n<td>One month<\/td>\n<\/tr>\n<tr>\n<td>Right to deletion<\/td>\n<td>Without justified delay<\/td>\n<\/tr>\n<tr>\n<td>Right to limit data management<\/td>\n<td>Without justified delay<\/td>\n<\/tr>\n<tr>\n<td>Right to data portability<\/td>\n<td>One month<\/td>\n<\/tr>\n<tr>\n<td>Right to object<\/td>\n<td>When objection is delivered<\/td>\n<\/tr>\n<\/tbody>\n<\/table>\n<p><strong> 10. Right to file a complaint<\/strong><\/p>\n<p>If the client believes that their rights have been breached, OTP Travel Llc recommends that the client initiates communication with the data controller, through contacting the contact person indicated above. If such communication does not lead to results, or the affected party does not wish to participate in such activity, they can turn to the court or NAIH.<\/p>\n<p>The contact information of NAIH is the following: 1125 Budapest, Szil\u00e1gyi Erzs\u00e9bet fasor 22\/C.; phone: +36 1 391 1400; fax: +36 1 391 1410; e-mail: ugyfelszolgalat@naih.hu; website: www.naih.hu.<\/p>\n<p><strong> 11. The modification of the present document<\/strong><\/p>\n<p>OTP Travel Llc reserves the right to modify the present document at any time. OTP Travel Llc will, in any case, notify the clients in the given measures if such modification occurs, in mail or e-mail.<\/p>\n<p><strong> 12. Cookie regulations<\/strong><\/p>\n<p>When the visitor visits <a href=\"http:\/\/www.isic.hu\">www.isic.hu<\/a>, a small file \u201ccookie\u201d pops up on the computer, which can serve multiple purposes. Some of the \u201ccookies\u201d we use are indispensable for the adequate running of the website (\u201ccontinuous cookies\u201d), others collect information about the usage of the website (statistics), in order to improve the comfort, and efficiency of the site. \u00a0A few \u201ccookies\u201d are only temporary, and disappear with the closure of the browser, while there are some permanent ones that stay on the computer for a longer time. The purpose of the \u201ccookies\u201d is to facilitate the website\u2019s usage, through observing the visitors\u2019 setting preferences; as well as to improve the user experience, through collecting data on how visitors navigate on the website, and which tabs they use or visit most frequently. This way we can learn how to ensure a better user experience when the visitor returns to the website. Another purpose of the \u201ccookies\u201d is to collect statistics, which help us understand how visitors use our other online services, which we can then improve, such as: the improvement and fine-tuning of the website according to the needs of the users; targeted advertisements to showcase the most relevant offers to the visitors. It is important to note that OTP Travel Llc does not save any passwords or any other identification. The visitors can use our services with complete safety even with the acceptance of the \u201ccookies\u201d.<\/p>\n<p><strong>The website can use the below mentioned service providers targeted, advertising oriented, and analytical cookies:<\/strong><\/p>\n<p>Google<\/p>\n<p>Google Analytics<br \/>\nThe detailed information about this service can be accessed through the link below:<br \/>\n<a href=\"https:\/\/www.google.com\/analytics\/terms\/us.html\">https:\/\/www.google.com\/analytics\/terms\/us.html<\/a><\/p>\n<p>Google Adwords<br \/>\nThe detailed information about this service can be accessed through the link below:<br \/>\n<a href=\"https:\/\/www.google.com\/intl\/hu\/policies\/privacy\">https:\/\/www.google.com\/intl\/hu\/policies\/privacy<\/a><\/p>\n<p>Facebook<br \/>\nThe detailed information about this service can be accessed through the link below:<br \/>\n<a href=\"https:\/\/www.facebook.com\/help\/cookies\/\">https:\/\/www.facebook.com\/help\/cookies\/<\/a><\/p>\n<p><strong>The inspection of \u201ccookie settings\u201d and the blocking of \u201ccookies\u201d <\/strong><\/p>\n<p>Modern browsers allow the modification of \u201ccookie settings\u201d. A few browsers automatically accept \u201ccookies\u201d, but this setting can be changed to prevent the visitor\u2019s automatic acceptance in the future. In case of the change of the setting, the browser will always offer the option of \u201ccookie settings\u201d. We bring to our visitor\u2019s attention, that since the purpose of \u201ccookies\u201d is the constant improvement of our website, and its user experience, if the \u201ccookies\u201d are blocked, we cannot promise that the visitor will be able to use all functions of the website to the fullest extent. The website in this case, can work differently from how it was intended in the browser.<\/p>\n<p><strong>13. Data processors, the parties with the right to access the personal data<\/strong><\/p>\n<p><strong>Company name:<\/strong> OTP Mobil Llc.<br \/>\n<strong>Headquarters:<\/strong> 1147 Budapest, Hung\u00e1ria k\u00f6r\u00fat 17-19.<\/p>\n<p>The Affected parties give their consent by giving their personal data to the transfer of their data to the data processors.<\/p>\n<p>I understand that my personal data stored in the user database of <a href=\"https:\/\/isic.hu\"><strong><em>https:\/\/isic.hu<\/em><\/strong><\/a>\u00a0 ran by the data manager OTP Travel Llc (1052 Budapest, De\u00e1k Ferenc utca 7-9.) are transmitted to the data processor OTP Mobil Llc. \u00a0The transmitted data by the data manager is the following: last name, first name, email, phone number, billing address, final payment sum.<\/p>\n<p>The purpose and method of the data processor\u2019s activity can be read in SimplePay\u2019s Privacy Notice, which can be accessed through the following link:\u00a0 <a href=\"http:\/\/simplepay.hu\/vasarlo-aff\">http:\/\/simplepay.hu\/vasarlo-aff<\/a><\/p>\n<p>&nbsp;<\/p>\n<p><\/p>","protected":false},"excerpt":{"rendered":"<p>1. The fundamental laws of data management Act CXII of 2011. on informational self-determination and freedom of information, Regulation 2016\/679\/EU&#8230;<\/p>\n","protected":false},"author":1,"featured_media":0,"parent":0,"menu_order":0,"comment_status":"closed","ping_status":"closed","template":"","meta":{"_acf_changed":false,"footnotes":""},"class_list":["post-3432","page","type-page","status-publish","hentry"],"acf":[],"yoast_head":"<!-- This site is optimized with the Yoast SEO plugin v27.2 - https:\/\/yoast.com\/product\/yoast-seo-wordpress\/ -->\n<title>Privacy Policy - ISIC Nemzetk\u00f6zi Di\u00e1kigazolv\u00e1ny<\/title>\n<meta name=\"description\" content=\"1. Az adatkezel\u00e9s alapj\u00e1ul szolg\u00e1l\u00f3 jogszab\u00e1lyok az inform\u00e1ci\u00f3s \u00f6nrendelkez\u00e9si jogr\u00f3l \u00e9s az inform\u00e1ci\u00f3szabads\u00e1gr\u00f3l sz\u00f3l\u00f3 2011. \u00e9vi CXII. t\u00f6rv\u00e9ny, a\" \/>\n<meta name=\"robots\" content=\"index, follow, max-snippet:-1, max-image-preview:large, max-video-preview:-1\" \/>\n<link rel=\"canonical\" href=\"https:\/\/isic.hu\/adatvedelmi-tajekoztato\/\" \/>\n<meta property=\"og:locale\" content=\"en_US\" \/>\n<meta property=\"og:type\" content=\"article\" \/>\n<meta property=\"og:title\" content=\"[:hu]Adatv\u00e9delmi t\u00e1j\u00e9koztat\u00f3[:en]Privacy Policy[:] - ISIC Nemzetk\u00f6zi Di\u00e1kigazolv\u00e1ny\" \/>\n<meta property=\"og:description\" content=\"1. Az adatkezel\u00e9s alapj\u00e1ul szolg\u00e1l\u00f3 jogszab\u00e1lyok az inform\u00e1ci\u00f3s \u00f6nrendelkez\u00e9si jogr\u00f3l \u00e9s az inform\u00e1ci\u00f3szabads\u00e1gr\u00f3l sz\u00f3l\u00f3 2011. \u00e9vi CXII. t\u00f6rv\u00e9ny, a\" \/>\n<meta property=\"og:url\" content=\"https:\/\/isic.hu\/adatvedelmi-tajekoztato\/\" \/>\n<meta property=\"og:site_name\" content=\"ISIC Nemzetk\u00f6zi Di\u00e1kigazolv\u00e1ny\" \/>\n<meta property=\"article:publisher\" content=\"https:\/\/www.facebook.com\/isic.hu\/\" \/>\n<meta property=\"article:modified_time\" content=\"2024-01-08T15:30:15+00:00\" \/>\n<meta name=\"twitter:card\" content=\"summary_large_image\" \/>\n<meta name=\"twitter:label1\" content=\"Est. reading time\" \/>\n\t<meta name=\"twitter:data1\" content=\"23 minutes\" \/>\n<script type=\"application\/ld+json\" class=\"yoast-schema-graph\">{\"@context\":\"https:\/\/schema.org\",\"@graph\":[{\"@type\":\"WebPage\",\"@id\":\"https:\/\/isic.hu\/adatvedelmi-tajekoztato\/\",\"url\":\"https:\/\/isic.hu\/adatvedelmi-tajekoztato\/\",\"name\":\"[:hu]Adatv\u00e9delmi t\u00e1j\u00e9koztat\u00f3[:en]Privacy Policy[:] - ISIC Nemzetk\u00f6zi Di\u00e1kigazolv\u00e1ny\",\"isPartOf\":{\"@id\":\"https:\/\/isic.hu\/#website\"},\"datePublished\":\"2018-05-22T16:08:38+00:00\",\"dateModified\":\"2024-01-08T15:30:15+00:00\",\"description\":\"1. Az adatkezel\u00e9s alapj\u00e1ul szolg\u00e1l\u00f3 jogszab\u00e1lyok az inform\u00e1ci\u00f3s \u00f6nrendelkez\u00e9si jogr\u00f3l \u00e9s az inform\u00e1ci\u00f3szabads\u00e1gr\u00f3l sz\u00f3l\u00f3 2011. \u00e9vi CXII. t\u00f6rv\u00e9ny, a\",\"breadcrumb\":{\"@id\":\"https:\/\/isic.hu\/adatvedelmi-tajekoztato\/#breadcrumb\"},\"inLanguage\":\"en-US\",\"potentialAction\":[{\"@type\":\"ReadAction\",\"target\":[\"https:\/\/isic.hu\/adatvedelmi-tajekoztato\/\"]}]},{\"@type\":\"BreadcrumbList\",\"@id\":\"https:\/\/isic.hu\/adatvedelmi-tajekoztato\/#breadcrumb\",\"itemListElement\":[{\"@type\":\"ListItem\",\"position\":1,\"name\":\"Home\",\"item\":\"https:\/\/isic.hu\/en\/\"},{\"@type\":\"ListItem\",\"position\":2,\"name\":\"Adatv\u00e9delmi t\u00e1j\u00e9koztat\u00f3\"}]},{\"@type\":\"WebSite\",\"@id\":\"https:\/\/isic.hu\/#website\",\"url\":\"https:\/\/isic.hu\/\",\"name\":\"ISIC Nemzetk\u00f6zi Di\u00e1kigazolv\u00e1ny\",\"description\":\"International Student Card\",\"potentialAction\":[{\"@type\":\"SearchAction\",\"target\":{\"@type\":\"EntryPoint\",\"urlTemplate\":\"https:\/\/isic.hu\/?s={search_term_string}\"},\"query-input\":{\"@type\":\"PropertyValueSpecification\",\"valueRequired\":true,\"valueName\":\"search_term_string\"}}],\"inLanguage\":\"en-US\"}]}<\/script>\n<!-- \/ Yoast SEO plugin. -->","yoast_head_json":{"title":"[:hu]Adatv\u00e9delmi t\u00e1j\u00e9koztat\u00f3[:en]Privacy Policy[:] - ISIC Nemzetk\u00f6zi Di\u00e1kigazolv\u00e1ny","description":"1. Az adatkezel\u00e9s alapj\u00e1ul szolg\u00e1l\u00f3 jogszab\u00e1lyok az inform\u00e1ci\u00f3s \u00f6nrendelkez\u00e9si jogr\u00f3l \u00e9s az inform\u00e1ci\u00f3szabads\u00e1gr\u00f3l sz\u00f3l\u00f3 2011. \u00e9vi CXII. t\u00f6rv\u00e9ny, a","robots":{"index":"index","follow":"follow","max-snippet":"max-snippet:-1","max-image-preview":"max-image-preview:large","max-video-preview":"max-video-preview:-1"},"canonical":"https:\/\/isic.hu\/adatvedelmi-tajekoztato\/","og_locale":"en_US","og_type":"article","og_title":"[:hu]Adatv\u00e9delmi t\u00e1j\u00e9koztat\u00f3[:en]Privacy Policy[:] - ISIC Nemzetk\u00f6zi Di\u00e1kigazolv\u00e1ny","og_description":"1. Az adatkezel\u00e9s alapj\u00e1ul szolg\u00e1l\u00f3 jogszab\u00e1lyok az inform\u00e1ci\u00f3s \u00f6nrendelkez\u00e9si jogr\u00f3l \u00e9s az inform\u00e1ci\u00f3szabads\u00e1gr\u00f3l sz\u00f3l\u00f3 2011. \u00e9vi CXII. t\u00f6rv\u00e9ny, a","og_url":"https:\/\/isic.hu\/adatvedelmi-tajekoztato\/","og_site_name":"ISIC Nemzetk\u00f6zi Di\u00e1kigazolv\u00e1ny","article_publisher":"https:\/\/www.facebook.com\/isic.hu\/","article_modified_time":"2024-01-08T15:30:15+00:00","twitter_card":"summary_large_image","twitter_misc":{"Est. reading time":"23 minutes"},"schema":{"@context":"https:\/\/schema.org","@graph":[{"@type":"WebPage","@id":"https:\/\/isic.hu\/adatvedelmi-tajekoztato\/","url":"https:\/\/isic.hu\/adatvedelmi-tajekoztato\/","name":"[:hu]Adatv\u00e9delmi t\u00e1j\u00e9koztat\u00f3[:en]Privacy Policy[:] - ISIC Nemzetk\u00f6zi Di\u00e1kigazolv\u00e1ny","isPartOf":{"@id":"https:\/\/isic.hu\/#website"},"datePublished":"2018-05-22T16:08:38+00:00","dateModified":"2024-01-08T15:30:15+00:00","description":"1. Az adatkezel\u00e9s alapj\u00e1ul szolg\u00e1l\u00f3 jogszab\u00e1lyok az inform\u00e1ci\u00f3s \u00f6nrendelkez\u00e9si jogr\u00f3l \u00e9s az inform\u00e1ci\u00f3szabads\u00e1gr\u00f3l sz\u00f3l\u00f3 2011. \u00e9vi CXII. t\u00f6rv\u00e9ny, a","breadcrumb":{"@id":"https:\/\/isic.hu\/adatvedelmi-tajekoztato\/#breadcrumb"},"inLanguage":"en-US","potentialAction":[{"@type":"ReadAction","target":["https:\/\/isic.hu\/adatvedelmi-tajekoztato\/"]}]},{"@type":"BreadcrumbList","@id":"https:\/\/isic.hu\/adatvedelmi-tajekoztato\/#breadcrumb","itemListElement":[{"@type":"ListItem","position":1,"name":"Home","item":"https:\/\/isic.hu\/en\/"},{"@type":"ListItem","position":2,"name":"Adatv\u00e9delmi t\u00e1j\u00e9koztat\u00f3"}]},{"@type":"WebSite","@id":"https:\/\/isic.hu\/#website","url":"https:\/\/isic.hu\/","name":"ISIC Nemzetk\u00f6zi Di\u00e1kigazolv\u00e1ny","description":"International Student Card","potentialAction":[{"@type":"SearchAction","target":{"@type":"EntryPoint","urlTemplate":"https:\/\/isic.hu\/?s={search_term_string}"},"query-input":{"@type":"PropertyValueSpecification","valueRequired":true,"valueName":"search_term_string"}}],"inLanguage":"en-US"}]}},"_links":{"self":[{"href":"https:\/\/isic.hu\/en\/wp-json\/wp\/v2\/pages\/3432","targetHints":{"allow":["GET"]}}],"collection":[{"href":"https:\/\/isic.hu\/en\/wp-json\/wp\/v2\/pages"}],"about":[{"href":"https:\/\/isic.hu\/en\/wp-json\/wp\/v2\/types\/page"}],"author":[{"embeddable":true,"href":"https:\/\/isic.hu\/en\/wp-json\/wp\/v2\/users\/1"}],"replies":[{"embeddable":true,"href":"https:\/\/isic.hu\/en\/wp-json\/wp\/v2\/comments?post=3432"}],"version-history":[{"count":23,"href":"https:\/\/isic.hu\/en\/wp-json\/wp\/v2\/pages\/3432\/revisions"}],"predecessor-version":[{"id":4562,"href":"https:\/\/isic.hu\/en\/wp-json\/wp\/v2\/pages\/3432\/revisions\/4562"}],"wp:attachment":[{"href":"https:\/\/isic.hu\/en\/wp-json\/wp\/v2\/media?parent=3432"}],"curies":[{"name":"wp","href":"https:\/\/api.w.org\/{rel}","templated":true}]}}