{"id":3750,"date":"2020-01-14T13:07:15","date_gmt":"2020-01-14T12:07:15","guid":{"rendered":"https:\/\/isic.hu\/?page_id=3750"},"modified":"2024-01-08T16:20:38","modified_gmt":"2024-01-08T15:20:38","slug":"jogi-nyilatkozat","status":"publish","type":"page","link":"https:\/\/isic.hu\/en\/jogi-nyilatkozat\/","title":{"rendered":"Legal notice"},"content":{"rendered":"<p>The information and conditions appearing on the website of <strong>OTP Travel Kft.<\/strong> are for information purposes only, OTP Travel Kft. assumes no responsibility for its completeness or accuracy. OTP Travel Kft. shall not be liable for any damages resulting from the use, malfunctioning of the websites, unauthorized alteration of the data by any person, or due to delays in the transmission of information, computer viruses, line or system errors or any other similar reason. This disclaimer is not intended to limit the liability of OTP Travel Kft. in any manner other than that required by applicable law, or to exclude its liability for any matter for which it is legally liable.<\/p>\n<p>&nbsp;<\/p>","protected":false},"excerpt":{"rendered":"<p>The information and conditions appearing on the website of OTP Travel Kft. are for information purposes only, OTP Travel Kft&#8230;.<\/p>\n","protected":false},"author":1,"featured_media":0,"parent":0,"menu_order":0,"comment_status":"closed","ping_status":"closed","template":"","meta":{"_acf_changed":false,"footnotes":""},"class_list":["post-3750","page","type-page","status-publish","hentry"],"acf":[],"yoast_head":"<!-- This site is optimized with the Yoast SEO plugin v27.2 - https:\/\/yoast.com\/product\/yoast-seo-wordpress\/ -->\n<title>Legal notice - ISIC Nemzetk\u00f6zi Di\u00e1kigazolv\u00e1ny<\/title>\n<meta name=\"description\" content=\"Az\u00a0OTP Travel Kft. www.isic.hu weboldal\u00e1n megjelen\u0151 inform\u00e1ci\u00f3k, felt\u00e9telek kiz\u00e1r\u00f3lag t\u00e1j\u00e9koztat\u00e1sul szolg\u00e1lnak, azok teljess\u00e9g\u00e9\u00e9rt, pontoss\u00e1g\u00e1\u00e9rt az OTP\" \/>\n<meta name=\"robots\" content=\"index, follow, max-snippet:-1, max-image-preview:large, max-video-preview:-1\" \/>\n<link rel=\"canonical\" href=\"https:\/\/isic.hu\/jogi-nyilatkozat\/\" \/>\n<meta property=\"og:locale\" content=\"en_US\" \/>\n<meta property=\"og:type\" content=\"article\" \/>\n<meta property=\"og:title\" content=\"[:hu]Jogi nyilatkozat[:en]Legal notice[:] - ISIC Nemzetk\u00f6zi Di\u00e1kigazolv\u00e1ny\" \/>\n<meta property=\"og:description\" content=\"Az\u00a0OTP Travel Kft. www.isic.hu weboldal\u00e1n megjelen\u0151 inform\u00e1ci\u00f3k, felt\u00e9telek kiz\u00e1r\u00f3lag t\u00e1j\u00e9koztat\u00e1sul szolg\u00e1lnak, azok teljess\u00e9g\u00e9\u00e9rt, pontoss\u00e1g\u00e1\u00e9rt az OTP\" \/>\n<meta property=\"og:url\" content=\"https:\/\/isic.hu\/jogi-nyilatkozat\/\" \/>\n<meta property=\"og:site_name\" content=\"ISIC Nemzetk\u00f6zi Di\u00e1kigazolv\u00e1ny\" \/>\n<meta property=\"article:publisher\" content=\"https:\/\/www.facebook.com\/isic.hu\/\" \/>\n<meta property=\"article:modified_time\" content=\"2024-01-08T15:20:38+00:00\" \/>\n<meta name=\"twitter:card\" content=\"summary_large_image\" \/>\n<meta name=\"twitter:label1\" content=\"Est. reading time\" \/>\n\t<meta name=\"twitter:data1\" content=\"2 minutes\" \/>\n<script type=\"application\/ld+json\" class=\"yoast-schema-graph\">{\"@context\":\"https:\/\/schema.org\",\"@graph\":[{\"@type\":\"WebPage\",\"@id\":\"https:\/\/isic.hu\/jogi-nyilatkozat\/\",\"url\":\"https:\/\/isic.hu\/jogi-nyilatkozat\/\",\"name\":\"[:hu]Jogi nyilatkozat[:en]Legal notice[:] - ISIC Nemzetk\u00f6zi Di\u00e1kigazolv\u00e1ny\",\"isPartOf\":{\"@id\":\"https:\/\/isic.hu\/#website\"},\"datePublished\":\"2020-01-14T12:07:15+00:00\",\"dateModified\":\"2024-01-08T15:20:38+00:00\",\"description\":\"Az\u00a0OTP Travel Kft. www.isic.hu weboldal\u00e1n megjelen\u0151 inform\u00e1ci\u00f3k, felt\u00e9telek kiz\u00e1r\u00f3lag t\u00e1j\u00e9koztat\u00e1sul szolg\u00e1lnak, azok teljess\u00e9g\u00e9\u00e9rt, pontoss\u00e1g\u00e1\u00e9rt az OTP\",\"breadcrumb\":{\"@id\":\"https:\/\/isic.hu\/jogi-nyilatkozat\/#breadcrumb\"},\"inLanguage\":\"en-US\",\"potentialAction\":[{\"@type\":\"ReadAction\",\"target\":[\"https:\/\/isic.hu\/jogi-nyilatkozat\/\"]}]},{\"@type\":\"BreadcrumbList\",\"@id\":\"https:\/\/isic.hu\/jogi-nyilatkozat\/#breadcrumb\",\"itemListElement\":[{\"@type\":\"ListItem\",\"position\":1,\"name\":\"Home\",\"item\":\"https:\/\/isic.hu\/en\/\"},{\"@type\":\"ListItem\",\"position\":2,\"name\":\"Jogi nyilatkozat\"}]},{\"@type\":\"WebSite\",\"@id\":\"https:\/\/isic.hu\/#website\",\"url\":\"https:\/\/isic.hu\/\",\"name\":\"ISIC Nemzetk\u00f6zi Di\u00e1kigazolv\u00e1ny\",\"description\":\"International Student Card\",\"potentialAction\":[{\"@type\":\"SearchAction\",\"target\":{\"@type\":\"EntryPoint\",\"urlTemplate\":\"https:\/\/isic.hu\/?s={search_term_string}\"},\"query-input\":{\"@type\":\"PropertyValueSpecification\",\"valueRequired\":true,\"valueName\":\"search_term_string\"}}],\"inLanguage\":\"en-US\"}]}<\/script>\n<!-- \/ Yoast SEO plugin. -->","yoast_head_json":{"title":"[:hu]Jogi nyilatkozat[:en]Legal notice[:] - ISIC Nemzetk\u00f6zi Di\u00e1kigazolv\u00e1ny","description":"Az\u00a0OTP Travel Kft. www.isic.hu weboldal\u00e1n megjelen\u0151 inform\u00e1ci\u00f3k, felt\u00e9telek kiz\u00e1r\u00f3lag t\u00e1j\u00e9koztat\u00e1sul szolg\u00e1lnak, azok teljess\u00e9g\u00e9\u00e9rt, pontoss\u00e1g\u00e1\u00e9rt az OTP","robots":{"index":"index","follow":"follow","max-snippet":"max-snippet:-1","max-image-preview":"max-image-preview:large","max-video-preview":"max-video-preview:-1"},"canonical":"https:\/\/isic.hu\/jogi-nyilatkozat\/","og_locale":"en_US","og_type":"article","og_title":"[:hu]Jogi nyilatkozat[:en]Legal notice[:] - ISIC Nemzetk\u00f6zi Di\u00e1kigazolv\u00e1ny","og_description":"Az\u00a0OTP Travel Kft. www.isic.hu weboldal\u00e1n megjelen\u0151 inform\u00e1ci\u00f3k, felt\u00e9telek kiz\u00e1r\u00f3lag t\u00e1j\u00e9koztat\u00e1sul szolg\u00e1lnak, azok teljess\u00e9g\u00e9\u00e9rt, pontoss\u00e1g\u00e1\u00e9rt az OTP","og_url":"https:\/\/isic.hu\/jogi-nyilatkozat\/","og_site_name":"ISIC Nemzetk\u00f6zi Di\u00e1kigazolv\u00e1ny","article_publisher":"https:\/\/www.facebook.com\/isic.hu\/","article_modified_time":"2024-01-08T15:20:38+00:00","twitter_card":"summary_large_image","twitter_misc":{"Est. reading time":"2 minutes"},"schema":{"@context":"https:\/\/schema.org","@graph":[{"@type":"WebPage","@id":"https:\/\/isic.hu\/jogi-nyilatkozat\/","url":"https:\/\/isic.hu\/jogi-nyilatkozat\/","name":"[:hu]Jogi nyilatkozat[:en]Legal notice[:] - ISIC Nemzetk\u00f6zi Di\u00e1kigazolv\u00e1ny","isPartOf":{"@id":"https:\/\/isic.hu\/#website"},"datePublished":"2020-01-14T12:07:15+00:00","dateModified":"2024-01-08T15:20:38+00:00","description":"Az\u00a0OTP Travel Kft. www.isic.hu weboldal\u00e1n megjelen\u0151 inform\u00e1ci\u00f3k, felt\u00e9telek kiz\u00e1r\u00f3lag t\u00e1j\u00e9koztat\u00e1sul szolg\u00e1lnak, azok teljess\u00e9g\u00e9\u00e9rt, pontoss\u00e1g\u00e1\u00e9rt az OTP","breadcrumb":{"@id":"https:\/\/isic.hu\/jogi-nyilatkozat\/#breadcrumb"},"inLanguage":"en-US","potentialAction":[{"@type":"ReadAction","target":["https:\/\/isic.hu\/jogi-nyilatkozat\/"]}]},{"@type":"BreadcrumbList","@id":"https:\/\/isic.hu\/jogi-nyilatkozat\/#breadcrumb","itemListElement":[{"@type":"ListItem","position":1,"name":"Home","item":"https:\/\/isic.hu\/en\/"},{"@type":"ListItem","position":2,"name":"Jogi nyilatkozat"}]},{"@type":"WebSite","@id":"https:\/\/isic.hu\/#website","url":"https:\/\/isic.hu\/","name":"ISIC Nemzetk\u00f6zi Di\u00e1kigazolv\u00e1ny","description":"International Student Card","potentialAction":[{"@type":"SearchAction","target":{"@type":"EntryPoint","urlTemplate":"https:\/\/isic.hu\/?s={search_term_string}"},"query-input":{"@type":"PropertyValueSpecification","valueRequired":true,"valueName":"search_term_string"}}],"inLanguage":"en-US"}]}},"_links":{"self":[{"href":"https:\/\/isic.hu\/en\/wp-json\/wp\/v2\/pages\/3750","targetHints":{"allow":["GET"]}}],"collection":[{"href":"https:\/\/isic.hu\/en\/wp-json\/wp\/v2\/pages"}],"about":[{"href":"https:\/\/isic.hu\/en\/wp-json\/wp\/v2\/types\/page"}],"author":[{"embeddable":true,"href":"https:\/\/isic.hu\/en\/wp-json\/wp\/v2\/users\/1"}],"replies":[{"embeddable":true,"href":"https:\/\/isic.hu\/en\/wp-json\/wp\/v2\/comments?post=3750"}],"version-history":[{"count":3,"href":"https:\/\/isic.hu\/en\/wp-json\/wp\/v2\/pages\/3750\/revisions"}],"predecessor-version":[{"id":4561,"href":"https:\/\/isic.hu\/en\/wp-json\/wp\/v2\/pages\/3750\/revisions\/4561"}],"wp:attachment":[{"href":"https:\/\/isic.hu\/en\/wp-json\/wp\/v2\/media?parent=3750"}],"curies":[{"name":"wp","href":"https:\/\/api.w.org\/{rel}","templated":true}]}}