{"id":4350,"date":"2022-06-16T14:59:24","date_gmt":"2022-06-16T12:59:24","guid":{"rendered":"https:\/\/isic.hu\/?page_id=4350"},"modified":"2022-06-26T16:25:33","modified_gmt":"2022-06-26T14:25:33","slug":"nem-sikerult-a-fizetes","status":"publish","type":"page","link":"https:\/\/isic.hu\/en\/nem-sikerult-a-fizetes\/","title":{"rendered":"Failed"},"content":{"rendered":"<p><\/p>\n<p><\/p>\n<p style=\"text-align: center;\"><strong><span style=\"color: #ff0000;\">Failed payment!<\/span><br \/>\n<\/strong>Please check if the details provided during the transaction are correct. If all of the details were provided correctly, please contact the bank that issued your card in order to investigate the cause of the rejection.<\/p>\n<p style=\"text-align: center;\">transaction ID: <\/p>\n<p>&nbsp;<\/p>\n<p><\/p>\n<p>&nbsp;<\/p>\n<p>&nbsp;<\/p>","protected":false},"excerpt":{"rendered":"<p>Failed payment! Please check if the details provided during the transaction are correct. If all of the details were provided&#8230;<\/p>\n","protected":false},"author":1,"featured_media":0,"parent":0,"menu_order":0,"comment_status":"closed","ping_status":"closed","template":"","meta":{"_acf_changed":false,"footnotes":""},"class_list":["post-4350","page","type-page","status-publish","hentry"],"acf":[],"yoast_head":"<!-- This site is optimized with the Yoast SEO plugin v27.2 - https:\/\/yoast.com\/product\/yoast-seo-wordpress\/ -->\n<title>Failed - ISIC Nemzetk\u00f6zi Di\u00e1kigazolv\u00e1ny<\/title>\n<meta name=\"description\" content=\"Sikertelen tranzakci\u00f3! K\u00e9rj\u00fck, ellen\u0151rizze a tranzakci\u00f3 sor\u00e1n megadott adatok helyess\u00e9g\u00e9t. Amennyiben minden adatot helyesen adott meg, a visszautas\u00edt\u00e1s\" \/>\n<meta name=\"robots\" content=\"index, follow, max-snippet:-1, max-image-preview:large, max-video-preview:-1\" \/>\n<link rel=\"canonical\" href=\"https:\/\/isic.hu\/nem-sikerult-a-fizetes\/\" \/>\n<meta property=\"og:locale\" content=\"en_US\" \/>\n<meta property=\"og:type\" content=\"article\" \/>\n<meta property=\"og:title\" content=\"[:hu]Nem siker\u00fclt a fizet\u00e9s[:en]Failed[:] - ISIC Nemzetk\u00f6zi Di\u00e1kigazolv\u00e1ny\" \/>\n<meta property=\"og:description\" content=\"Sikertelen tranzakci\u00f3! K\u00e9rj\u00fck, ellen\u0151rizze a tranzakci\u00f3 sor\u00e1n megadott adatok helyess\u00e9g\u00e9t. Amennyiben minden adatot helyesen adott meg, a visszautas\u00edt\u00e1s\" \/>\n<meta property=\"og:url\" content=\"https:\/\/isic.hu\/nem-sikerult-a-fizetes\/\" \/>\n<meta property=\"og:site_name\" content=\"ISIC Nemzetk\u00f6zi Di\u00e1kigazolv\u00e1ny\" \/>\n<meta property=\"article:publisher\" content=\"https:\/\/www.facebook.com\/isic.hu\/\" \/>\n<meta property=\"article:modified_time\" content=\"2022-06-26T14:25:33+00:00\" \/>\n<meta name=\"twitter:card\" content=\"summary_large_image\" \/>\n<meta name=\"twitter:label1\" content=\"Est. reading time\" \/>\n\t<meta name=\"twitter:data1\" content=\"1 minute\" \/>\n<script type=\"application\/ld+json\" class=\"yoast-schema-graph\">{\"@context\":\"https:\/\/schema.org\",\"@graph\":[{\"@type\":\"WebPage\",\"@id\":\"https:\/\/isic.hu\/nem-sikerult-a-fizetes\/\",\"url\":\"https:\/\/isic.hu\/nem-sikerult-a-fizetes\/\",\"name\":\"[:hu]Nem siker\u00fclt a fizet\u00e9s[:en]Failed[:] - ISIC Nemzetk\u00f6zi Di\u00e1kigazolv\u00e1ny\",\"isPartOf\":{\"@id\":\"https:\/\/isic.hu\/#website\"},\"datePublished\":\"2022-06-16T12:59:24+00:00\",\"dateModified\":\"2022-06-26T14:25:33+00:00\",\"description\":\"Sikertelen tranzakci\u00f3! K\u00e9rj\u00fck, ellen\u0151rizze a tranzakci\u00f3 sor\u00e1n megadott adatok helyess\u00e9g\u00e9t. Amennyiben minden adatot helyesen adott meg, a visszautas\u00edt\u00e1s\",\"breadcrumb\":{\"@id\":\"https:\/\/isic.hu\/nem-sikerult-a-fizetes\/#breadcrumb\"},\"inLanguage\":\"en-US\",\"potentialAction\":[{\"@type\":\"ReadAction\",\"target\":[\"https:\/\/isic.hu\/nem-sikerult-a-fizetes\/\"]}]},{\"@type\":\"BreadcrumbList\",\"@id\":\"https:\/\/isic.hu\/nem-sikerult-a-fizetes\/#breadcrumb\",\"itemListElement\":[{\"@type\":\"ListItem\",\"position\":1,\"name\":\"Home\",\"item\":\"https:\/\/isic.hu\/en\/\"},{\"@type\":\"ListItem\",\"position\":2,\"name\":\"Nem siker\u00fclt a fizet\u00e9s\"}]},{\"@type\":\"WebSite\",\"@id\":\"https:\/\/isic.hu\/#website\",\"url\":\"https:\/\/isic.hu\/\",\"name\":\"ISIC Nemzetk\u00f6zi Di\u00e1kigazolv\u00e1ny\",\"description\":\"International Student Card\",\"potentialAction\":[{\"@type\":\"SearchAction\",\"target\":{\"@type\":\"EntryPoint\",\"urlTemplate\":\"https:\/\/isic.hu\/?s={search_term_string}\"},\"query-input\":{\"@type\":\"PropertyValueSpecification\",\"valueRequired\":true,\"valueName\":\"search_term_string\"}}],\"inLanguage\":\"en-US\"}]}<\/script>\n<!-- \/ Yoast SEO plugin. -->","yoast_head_json":{"title":"[:hu]Nem siker\u00fclt a fizet\u00e9s[:en]Failed[:] - ISIC Nemzetk\u00f6zi Di\u00e1kigazolv\u00e1ny","description":"Sikertelen tranzakci\u00f3! K\u00e9rj\u00fck, ellen\u0151rizze a tranzakci\u00f3 sor\u00e1n megadott adatok helyess\u00e9g\u00e9t. Amennyiben minden adatot helyesen adott meg, a visszautas\u00edt\u00e1s","robots":{"index":"index","follow":"follow","max-snippet":"max-snippet:-1","max-image-preview":"max-image-preview:large","max-video-preview":"max-video-preview:-1"},"canonical":"https:\/\/isic.hu\/nem-sikerult-a-fizetes\/","og_locale":"en_US","og_type":"article","og_title":"[:hu]Nem siker\u00fclt a fizet\u00e9s[:en]Failed[:] - ISIC Nemzetk\u00f6zi Di\u00e1kigazolv\u00e1ny","og_description":"Sikertelen tranzakci\u00f3! K\u00e9rj\u00fck, ellen\u0151rizze a tranzakci\u00f3 sor\u00e1n megadott adatok helyess\u00e9g\u00e9t. Amennyiben minden adatot helyesen adott meg, a visszautas\u00edt\u00e1s","og_url":"https:\/\/isic.hu\/nem-sikerult-a-fizetes\/","og_site_name":"ISIC Nemzetk\u00f6zi Di\u00e1kigazolv\u00e1ny","article_publisher":"https:\/\/www.facebook.com\/isic.hu\/","article_modified_time":"2022-06-26T14:25:33+00:00","twitter_card":"summary_large_image","twitter_misc":{"Est. reading time":"1 minute"},"schema":{"@context":"https:\/\/schema.org","@graph":[{"@type":"WebPage","@id":"https:\/\/isic.hu\/nem-sikerult-a-fizetes\/","url":"https:\/\/isic.hu\/nem-sikerult-a-fizetes\/","name":"[:hu]Nem siker\u00fclt a fizet\u00e9s[:en]Failed[:] - ISIC Nemzetk\u00f6zi Di\u00e1kigazolv\u00e1ny","isPartOf":{"@id":"https:\/\/isic.hu\/#website"},"datePublished":"2022-06-16T12:59:24+00:00","dateModified":"2022-06-26T14:25:33+00:00","description":"Sikertelen tranzakci\u00f3! K\u00e9rj\u00fck, ellen\u0151rizze a tranzakci\u00f3 sor\u00e1n megadott adatok helyess\u00e9g\u00e9t. Amennyiben minden adatot helyesen adott meg, a visszautas\u00edt\u00e1s","breadcrumb":{"@id":"https:\/\/isic.hu\/nem-sikerult-a-fizetes\/#breadcrumb"},"inLanguage":"en-US","potentialAction":[{"@type":"ReadAction","target":["https:\/\/isic.hu\/nem-sikerult-a-fizetes\/"]}]},{"@type":"BreadcrumbList","@id":"https:\/\/isic.hu\/nem-sikerult-a-fizetes\/#breadcrumb","itemListElement":[{"@type":"ListItem","position":1,"name":"Home","item":"https:\/\/isic.hu\/en\/"},{"@type":"ListItem","position":2,"name":"Nem siker\u00fclt a fizet\u00e9s"}]},{"@type":"WebSite","@id":"https:\/\/isic.hu\/#website","url":"https:\/\/isic.hu\/","name":"ISIC Nemzetk\u00f6zi Di\u00e1kigazolv\u00e1ny","description":"International Student Card","potentialAction":[{"@type":"SearchAction","target":{"@type":"EntryPoint","urlTemplate":"https:\/\/isic.hu\/?s={search_term_string}"},"query-input":{"@type":"PropertyValueSpecification","valueRequired":true,"valueName":"search_term_string"}}],"inLanguage":"en-US"}]}},"_links":{"self":[{"href":"https:\/\/isic.hu\/en\/wp-json\/wp\/v2\/pages\/4350","targetHints":{"allow":["GET"]}}],"collection":[{"href":"https:\/\/isic.hu\/en\/wp-json\/wp\/v2\/pages"}],"about":[{"href":"https:\/\/isic.hu\/en\/wp-json\/wp\/v2\/types\/page"}],"author":[{"embeddable":true,"href":"https:\/\/isic.hu\/en\/wp-json\/wp\/v2\/users\/1"}],"replies":[{"embeddable":true,"href":"https:\/\/isic.hu\/en\/wp-json\/wp\/v2\/comments?post=4350"}],"version-history":[{"count":8,"href":"https:\/\/isic.hu\/en\/wp-json\/wp\/v2\/pages\/4350\/revisions"}],"predecessor-version":[{"id":4383,"href":"https:\/\/isic.hu\/en\/wp-json\/wp\/v2\/pages\/4350\/revisions\/4383"}],"wp:attachment":[{"href":"https:\/\/isic.hu\/en\/wp-json\/wp\/v2\/media?parent=4350"}],"curies":[{"name":"wp","href":"https:\/\/api.w.org\/{rel}","templated":true}]}}