{"id":4354,"date":"2022-06-16T15:01:20","date_gmt":"2022-06-16T13:01:20","guid":{"rendered":"https:\/\/isic.hu\/?page_id=4354"},"modified":"2022-06-26T16:20:25","modified_gmt":"2022-06-26T14:20:25","slug":"idotullepes","status":"publish","type":"page","link":"https:\/\/isic.hu\/en\/idotullepes\/","title":{"rendered":"Time Out"},"content":{"rendered":"<p><\/p>\n<p>You exceeded the maximum time available to start the transaction.<\/p>\n<p>Tranzaction ID: <\/p>","protected":false},"excerpt":{"rendered":"<p>Tranzaction ID:<\/p>\n","protected":false},"author":1,"featured_media":0,"parent":0,"menu_order":0,"comment_status":"closed","ping_status":"closed","template":"","meta":{"_acf_changed":false,"footnotes":""},"class_list":["post-4354","page","type-page","status-publish","hentry"],"acf":[],"yoast_head":"<!-- This site is optimized with the Yoast SEO plugin v27.2 - https:\/\/yoast.com\/product\/yoast-seo-wordpress\/ -->\n<title>Time Out - ISIC Nemzetk\u00f6zi Di\u00e1kigazolv\u00e1ny<\/title>\n<meta name=\"description\" content=\"Tranzakci\u00f3 azonos\u00edt\u00f3:     Tranzaction ID:\" \/>\n<meta name=\"robots\" content=\"index, follow, max-snippet:-1, max-image-preview:large, max-video-preview:-1\" \/>\n<link rel=\"canonical\" href=\"https:\/\/isic.hu\/idotullepes\/\" \/>\n<meta property=\"og:locale\" content=\"en_US\" \/>\n<meta property=\"og:type\" content=\"article\" \/>\n<meta property=\"og:title\" content=\"[:hu]Id\u0151t\u00fall\u00e9p\u00e9s[:en]Time Out[:] - ISIC Nemzetk\u00f6zi Di\u00e1kigazolv\u00e1ny\" \/>\n<meta property=\"og:description\" content=\"Tranzakci\u00f3 azonos\u00edt\u00f3:     Tranzaction ID:\" \/>\n<meta property=\"og:url\" content=\"https:\/\/isic.hu\/idotullepes\/\" \/>\n<meta property=\"og:site_name\" content=\"ISIC Nemzetk\u00f6zi Di\u00e1kigazolv\u00e1ny\" \/>\n<meta property=\"article:publisher\" content=\"https:\/\/www.facebook.com\/isic.hu\/\" \/>\n<meta property=\"article:modified_time\" content=\"2022-06-26T14:20:25+00:00\" \/>\n<meta name=\"twitter:card\" content=\"summary_large_image\" \/>\n<script type=\"application\/ld+json\" class=\"yoast-schema-graph\">{\"@context\":\"https:\/\/schema.org\",\"@graph\":[{\"@type\":\"WebPage\",\"@id\":\"https:\/\/isic.hu\/idotullepes\/\",\"url\":\"https:\/\/isic.hu\/idotullepes\/\",\"name\":\"[:hu]Id\u0151t\u00fall\u00e9p\u00e9s[:en]Time Out[:] - ISIC Nemzetk\u00f6zi Di\u00e1kigazolv\u00e1ny\",\"isPartOf\":{\"@id\":\"https:\/\/isic.hu\/#website\"},\"datePublished\":\"2022-06-16T13:01:20+00:00\",\"dateModified\":\"2022-06-26T14:20:25+00:00\",\"description\":\"Tranzakci\u00f3 azonos\u00edt\u00f3: Tranzaction ID:\",\"breadcrumb\":{\"@id\":\"https:\/\/isic.hu\/idotullepes\/#breadcrumb\"},\"inLanguage\":\"en-US\",\"potentialAction\":[{\"@type\":\"ReadAction\",\"target\":[\"https:\/\/isic.hu\/idotullepes\/\"]}]},{\"@type\":\"BreadcrumbList\",\"@id\":\"https:\/\/isic.hu\/idotullepes\/#breadcrumb\",\"itemListElement\":[{\"@type\":\"ListItem\",\"position\":1,\"name\":\"Home\",\"item\":\"https:\/\/isic.hu\/en\/\"},{\"@type\":\"ListItem\",\"position\":2,\"name\":\"Id\u0151t\u00fall\u00e9p\u00e9s\"}]},{\"@type\":\"WebSite\",\"@id\":\"https:\/\/isic.hu\/#website\",\"url\":\"https:\/\/isic.hu\/\",\"name\":\"ISIC Nemzetk\u00f6zi Di\u00e1kigazolv\u00e1ny\",\"description\":\"International Student Card\",\"potentialAction\":[{\"@type\":\"SearchAction\",\"target\":{\"@type\":\"EntryPoint\",\"urlTemplate\":\"https:\/\/isic.hu\/?s={search_term_string}\"},\"query-input\":{\"@type\":\"PropertyValueSpecification\",\"valueRequired\":true,\"valueName\":\"search_term_string\"}}],\"inLanguage\":\"en-US\"}]}<\/script>\n<!-- \/ Yoast SEO plugin. -->","yoast_head_json":{"title":"[:hu]Id\u0151t\u00fall\u00e9p\u00e9s[:en]Time Out[:] - ISIC Nemzetk\u00f6zi Di\u00e1kigazolv\u00e1ny","description":"Tranzakci\u00f3 azonos\u00edt\u00f3:     Tranzaction ID:","robots":{"index":"index","follow":"follow","max-snippet":"max-snippet:-1","max-image-preview":"max-image-preview:large","max-video-preview":"max-video-preview:-1"},"canonical":"https:\/\/isic.hu\/idotullepes\/","og_locale":"en_US","og_type":"article","og_title":"[:hu]Id\u0151t\u00fall\u00e9p\u00e9s[:en]Time Out[:] - ISIC Nemzetk\u00f6zi Di\u00e1kigazolv\u00e1ny","og_description":"Tranzakci\u00f3 azonos\u00edt\u00f3:     Tranzaction ID:","og_url":"https:\/\/isic.hu\/idotullepes\/","og_site_name":"ISIC Nemzetk\u00f6zi Di\u00e1kigazolv\u00e1ny","article_publisher":"https:\/\/www.facebook.com\/isic.hu\/","article_modified_time":"2022-06-26T14:20:25+00:00","twitter_card":"summary_large_image","schema":{"@context":"https:\/\/schema.org","@graph":[{"@type":"WebPage","@id":"https:\/\/isic.hu\/idotullepes\/","url":"https:\/\/isic.hu\/idotullepes\/","name":"[:hu]Id\u0151t\u00fall\u00e9p\u00e9s[:en]Time Out[:] - ISIC Nemzetk\u00f6zi Di\u00e1kigazolv\u00e1ny","isPartOf":{"@id":"https:\/\/isic.hu\/#website"},"datePublished":"2022-06-16T13:01:20+00:00","dateModified":"2022-06-26T14:20:25+00:00","description":"Tranzakci\u00f3 azonos\u00edt\u00f3: Tranzaction ID:","breadcrumb":{"@id":"https:\/\/isic.hu\/idotullepes\/#breadcrumb"},"inLanguage":"en-US","potentialAction":[{"@type":"ReadAction","target":["https:\/\/isic.hu\/idotullepes\/"]}]},{"@type":"BreadcrumbList","@id":"https:\/\/isic.hu\/idotullepes\/#breadcrumb","itemListElement":[{"@type":"ListItem","position":1,"name":"Home","item":"https:\/\/isic.hu\/en\/"},{"@type":"ListItem","position":2,"name":"Id\u0151t\u00fall\u00e9p\u00e9s"}]},{"@type":"WebSite","@id":"https:\/\/isic.hu\/#website","url":"https:\/\/isic.hu\/","name":"ISIC Nemzetk\u00f6zi Di\u00e1kigazolv\u00e1ny","description":"International Student Card","potentialAction":[{"@type":"SearchAction","target":{"@type":"EntryPoint","urlTemplate":"https:\/\/isic.hu\/?s={search_term_string}"},"query-input":{"@type":"PropertyValueSpecification","valueRequired":true,"valueName":"search_term_string"}}],"inLanguage":"en-US"}]}},"_links":{"self":[{"href":"https:\/\/isic.hu\/en\/wp-json\/wp\/v2\/pages\/4354","targetHints":{"allow":["GET"]}}],"collection":[{"href":"https:\/\/isic.hu\/en\/wp-json\/wp\/v2\/pages"}],"about":[{"href":"https:\/\/isic.hu\/en\/wp-json\/wp\/v2\/types\/page"}],"author":[{"embeddable":true,"href":"https:\/\/isic.hu\/en\/wp-json\/wp\/v2\/users\/1"}],"replies":[{"embeddable":true,"href":"https:\/\/isic.hu\/en\/wp-json\/wp\/v2\/comments?post=4354"}],"version-history":[{"count":3,"href":"https:\/\/isic.hu\/en\/wp-json\/wp\/v2\/pages\/4354\/revisions"}],"predecessor-version":[{"id":4375,"href":"https:\/\/isic.hu\/en\/wp-json\/wp\/v2\/pages\/4354\/revisions\/4375"}],"wp:attachment":[{"href":"https:\/\/isic.hu\/en\/wp-json\/wp\/v2\/media?parent=4354"}],"curies":[{"name":"wp","href":"https:\/\/api.w.org\/{rel}","templated":true}]}}