{"id":4625,"date":"2024-05-08T12:28:05","date_gmt":"2024-05-08T10:28:05","guid":{"rendered":"https:\/\/isic.hu\/?page_id=4625"},"modified":"2024-05-08T12:28:57","modified_gmt":"2024-05-08T10:28:57","slug":"online-rendeles-plasztik-kartya","status":"publish","type":"page","link":"https:\/\/isic.hu\/en\/online-rendeles-plasztik-kartya\/","title":{"rendered":"Get your plastic card"},"content":{"rendered":"","protected":false},"excerpt":{"rendered":"","protected":false},"author":1,"featured_media":0,"parent":0,"menu_order":0,"comment_status":"closed","ping_status":"closed","template":"page-online-rendeles-plasztik.php","meta":{"_acf_changed":false,"footnotes":""},"class_list":["post-4625","page","type-page","status-publish","hentry"],"acf":[],"yoast_head":"<!-- This site is optimized with the Yoast SEO plugin v27.2 - https:\/\/yoast.com\/product\/yoast-seo-wordpress\/ -->\n<title>Get your plastic card - ISIC Nemzetk\u00f6zi Di\u00e1kigazolv\u00e1ny<\/title>\n<meta name=\"robots\" content=\"index, follow, max-snippet:-1, max-image-preview:large, max-video-preview:-1\" \/>\n<link rel=\"canonical\" href=\"https:\/\/isic.hu\/online-rendeles-plasztik-kartya\/\" \/>\n<meta property=\"og:locale\" content=\"en_US\" \/>\n<meta property=\"og:type\" content=\"article\" \/>\n<meta property=\"og:title\" content=\"[:hu]Online rendel\u00e9s - Plasztik k\u00e1rtya[:en]Get your plastic card[:] - ISIC Nemzetk\u00f6zi Di\u00e1kigazolv\u00e1ny\" \/>\n<meta property=\"og:url\" content=\"https:\/\/isic.hu\/online-rendeles-plasztik-kartya\/\" \/>\n<meta property=\"og:site_name\" content=\"ISIC Nemzetk\u00f6zi Di\u00e1kigazolv\u00e1ny\" \/>\n<meta property=\"article:publisher\" content=\"https:\/\/www.facebook.com\/isic.hu\/\" \/>\n<meta property=\"article:modified_time\" content=\"2024-05-08T10:28:57+00:00\" \/>\n<meta name=\"twitter:card\" content=\"summary_large_image\" \/>\n<script type=\"application\/ld+json\" class=\"yoast-schema-graph\">{\"@context\":\"https:\/\/schema.org\",\"@graph\":[{\"@type\":\"WebPage\",\"@id\":\"https:\/\/isic.hu\/online-rendeles-plasztik-kartya\/\",\"url\":\"https:\/\/isic.hu\/online-rendeles-plasztik-kartya\/\",\"name\":\"[:hu]Online rendel\u00e9s - Plasztik k\u00e1rtya[:en]Get your plastic card[:] - ISIC Nemzetk\u00f6zi Di\u00e1kigazolv\u00e1ny\",\"isPartOf\":{\"@id\":\"https:\/\/isic.hu\/#website\"},\"datePublished\":\"2024-05-08T10:28:05+00:00\",\"dateModified\":\"2024-05-08T10:28:57+00:00\",\"breadcrumb\":{\"@id\":\"https:\/\/isic.hu\/online-rendeles-plasztik-kartya\/#breadcrumb\"},\"inLanguage\":\"en-US\",\"potentialAction\":[{\"@type\":\"ReadAction\",\"target\":[\"https:\/\/isic.hu\/online-rendeles-plasztik-kartya\/\"]}]},{\"@type\":\"BreadcrumbList\",\"@id\":\"https:\/\/isic.hu\/online-rendeles-plasztik-kartya\/#breadcrumb\",\"itemListElement\":[{\"@type\":\"ListItem\",\"position\":1,\"name\":\"Home\",\"item\":\"https:\/\/isic.hu\/en\/\"},{\"@type\":\"ListItem\",\"position\":2,\"name\":\"Online rendel\u00e9s &#8211; Plasztik k\u00e1rtya\"}]},{\"@type\":\"WebSite\",\"@id\":\"https:\/\/isic.hu\/#website\",\"url\":\"https:\/\/isic.hu\/\",\"name\":\"ISIC Nemzetk\u00f6zi Di\u00e1kigazolv\u00e1ny\",\"description\":\"International Student Card\",\"potentialAction\":[{\"@type\":\"SearchAction\",\"target\":{\"@type\":\"EntryPoint\",\"urlTemplate\":\"https:\/\/isic.hu\/?s={search_term_string}\"},\"query-input\":{\"@type\":\"PropertyValueSpecification\",\"valueRequired\":true,\"valueName\":\"search_term_string\"}}],\"inLanguage\":\"en-US\"}]}<\/script>\n<!-- \/ Yoast SEO plugin. -->","yoast_head_json":{"title":"[:hu]Online rendel\u00e9s - Plasztik k\u00e1rtya[:en]Get your plastic card[:] - ISIC Nemzetk\u00f6zi Di\u00e1kigazolv\u00e1ny","robots":{"index":"index","follow":"follow","max-snippet":"max-snippet:-1","max-image-preview":"max-image-preview:large","max-video-preview":"max-video-preview:-1"},"canonical":"https:\/\/isic.hu\/online-rendeles-plasztik-kartya\/","og_locale":"en_US","og_type":"article","og_title":"[:hu]Online rendel\u00e9s - Plasztik k\u00e1rtya[:en]Get your plastic card[:] - ISIC Nemzetk\u00f6zi Di\u00e1kigazolv\u00e1ny","og_url":"https:\/\/isic.hu\/online-rendeles-plasztik-kartya\/","og_site_name":"ISIC Nemzetk\u00f6zi Di\u00e1kigazolv\u00e1ny","article_publisher":"https:\/\/www.facebook.com\/isic.hu\/","article_modified_time":"2024-05-08T10:28:57+00:00","twitter_card":"summary_large_image","schema":{"@context":"https:\/\/schema.org","@graph":[{"@type":"WebPage","@id":"https:\/\/isic.hu\/online-rendeles-plasztik-kartya\/","url":"https:\/\/isic.hu\/online-rendeles-plasztik-kartya\/","name":"[:hu]Online rendel\u00e9s - Plasztik k\u00e1rtya[:en]Get your plastic card[:] - ISIC Nemzetk\u00f6zi Di\u00e1kigazolv\u00e1ny","isPartOf":{"@id":"https:\/\/isic.hu\/#website"},"datePublished":"2024-05-08T10:28:05+00:00","dateModified":"2024-05-08T10:28:57+00:00","breadcrumb":{"@id":"https:\/\/isic.hu\/online-rendeles-plasztik-kartya\/#breadcrumb"},"inLanguage":"en-US","potentialAction":[{"@type":"ReadAction","target":["https:\/\/isic.hu\/online-rendeles-plasztik-kartya\/"]}]},{"@type":"BreadcrumbList","@id":"https:\/\/isic.hu\/online-rendeles-plasztik-kartya\/#breadcrumb","itemListElement":[{"@type":"ListItem","position":1,"name":"Home","item":"https:\/\/isic.hu\/en\/"},{"@type":"ListItem","position":2,"name":"Online rendel\u00e9s &#8211; Plasztik k\u00e1rtya"}]},{"@type":"WebSite","@id":"https:\/\/isic.hu\/#website","url":"https:\/\/isic.hu\/","name":"ISIC Nemzetk\u00f6zi Di\u00e1kigazolv\u00e1ny","description":"International Student Card","potentialAction":[{"@type":"SearchAction","target":{"@type":"EntryPoint","urlTemplate":"https:\/\/isic.hu\/?s={search_term_string}"},"query-input":{"@type":"PropertyValueSpecification","valueRequired":true,"valueName":"search_term_string"}}],"inLanguage":"en-US"}]}},"_links":{"self":[{"href":"https:\/\/isic.hu\/en\/wp-json\/wp\/v2\/pages\/4625","targetHints":{"allow":["GET"]}}],"collection":[{"href":"https:\/\/isic.hu\/en\/wp-json\/wp\/v2\/pages"}],"about":[{"href":"https:\/\/isic.hu\/en\/wp-json\/wp\/v2\/types\/page"}],"author":[{"embeddable":true,"href":"https:\/\/isic.hu\/en\/wp-json\/wp\/v2\/users\/1"}],"replies":[{"embeddable":true,"href":"https:\/\/isic.hu\/en\/wp-json\/wp\/v2\/comments?post=4625"}],"version-history":[{"count":2,"href":"https:\/\/isic.hu\/en\/wp-json\/wp\/v2\/pages\/4625\/revisions"}],"predecessor-version":[{"id":4627,"href":"https:\/\/isic.hu\/en\/wp-json\/wp\/v2\/pages\/4625\/revisions\/4627"}],"wp:attachment":[{"href":"https:\/\/isic.hu\/en\/wp-json\/wp\/v2\/media?parent=4625"}],"curies":[{"name":"wp","href":"https:\/\/api.w.org\/{rel}","templated":true}]}}