{"id":53,"date":"2013-08-25T09:38:56","date_gmt":"2013-08-25T09:38:56","guid":{"rendered":"https:\/\/isic.hu\/test\/?page_id=53"},"modified":"2024-01-08T16:37:29","modified_gmt":"2024-01-08T15:37:29","slug":"impresszum","status":"publish","type":"page","link":"https:\/\/isic.hu\/en\/impresszum\/","title":{"rendered":"Impressum"},"content":{"rendered":"<p><b>OTP Travel Ltd.<\/b><\/p>\n<p><strong>Address:<\/strong> 1052 Budapest, De\u00e1k Ferenc street 7-9.<\/p>\n<p><strong>VAT number:<\/strong> 10174902-2-41<\/p>\n<p><strong>Registration Number:<\/strong> 01-09-060469<br \/>\n<\/p>","protected":false},"excerpt":{"rendered":"<p>OTP Travel Ltd. Address: 1052 Budapest, De\u00e1k Ferenc street 7-9. VAT number: 10174902-2-41 Registration Number: 01-09-060469<\/p>\n","protected":false},"author":1,"featured_media":0,"parent":0,"menu_order":0,"comment_status":"open","ping_status":"open","template":"","meta":{"_acf_changed":false,"footnotes":""},"class_list":["post-53","page","type-page","status-publish","hentry"],"acf":[],"yoast_head":"<!-- This site is optimized with the Yoast SEO plugin v27.2 - https:\/\/yoast.com\/product\/yoast-seo-wordpress\/ -->\n<title>Impressum - ISIC Nemzetk\u00f6zi Di\u00e1kigazolv\u00e1ny<\/title>\n<meta name=\"description\" content=\"OTP Travel Kft. C\u00edm: 1052 Budapest, De\u00e1k Ferenc utca 7-9. Ad\u00f3sz\u00e1m: 10174902-2-41 C\u00e9gjegyz\u00e9ksz\u00e1m: 01-09-060469 &nbsp; OTP Travel Ltd. Address: 1052\" \/>\n<meta name=\"robots\" content=\"index, follow, max-snippet:-1, max-image-preview:large, max-video-preview:-1\" \/>\n<link rel=\"canonical\" href=\"https:\/\/isic.hu\/impresszum\/\" \/>\n<meta property=\"og:locale\" content=\"en_US\" \/>\n<meta property=\"og:type\" content=\"article\" \/>\n<meta property=\"og:title\" content=\"[:hu]Impresszum[:en]Impressum[:] - ISIC Nemzetk\u00f6zi Di\u00e1kigazolv\u00e1ny\" \/>\n<meta property=\"og:description\" content=\"OTP Travel Kft. C\u00edm: 1052 Budapest, De\u00e1k Ferenc utca 7-9. Ad\u00f3sz\u00e1m: 10174902-2-41 C\u00e9gjegyz\u00e9ksz\u00e1m: 01-09-060469 &nbsp; OTP Travel Ltd. Address: 1052\" \/>\n<meta property=\"og:url\" content=\"https:\/\/isic.hu\/impresszum\/\" \/>\n<meta property=\"og:site_name\" content=\"ISIC Nemzetk\u00f6zi Di\u00e1kigazolv\u00e1ny\" \/>\n<meta property=\"article:publisher\" content=\"https:\/\/www.facebook.com\/isic.hu\/\" \/>\n<meta property=\"article:modified_time\" content=\"2024-01-08T15:37:29+00:00\" \/>\n<meta name=\"twitter:card\" content=\"summary_large_image\" \/>\n<meta name=\"twitter:label1\" content=\"Est. reading time\" \/>\n\t<meta name=\"twitter:data1\" content=\"1 minute\" \/>\n<script type=\"application\/ld+json\" class=\"yoast-schema-graph\">{\"@context\":\"https:\/\/schema.org\",\"@graph\":[{\"@type\":\"WebPage\",\"@id\":\"https:\/\/isic.hu\/impresszum\/\",\"url\":\"https:\/\/isic.hu\/impresszum\/\",\"name\":\"[:hu]Impresszum[:en]Impressum[:] - ISIC Nemzetk\u00f6zi Di\u00e1kigazolv\u00e1ny\",\"isPartOf\":{\"@id\":\"https:\/\/isic.hu\/#website\"},\"datePublished\":\"2013-08-25T09:38:56+00:00\",\"dateModified\":\"2024-01-08T15:37:29+00:00\",\"description\":\"OTP Travel Kft. C\u00edm: 1052 Budapest, De\u00e1k Ferenc utca 7-9. Ad\u00f3sz\u00e1m: 10174902-2-41 C\u00e9gjegyz\u00e9ksz\u00e1m: 01-09-060469 &nbsp; OTP Travel Ltd. Address: 1052\",\"breadcrumb\":{\"@id\":\"https:\/\/isic.hu\/impresszum\/#breadcrumb\"},\"inLanguage\":\"en-US\",\"potentialAction\":[{\"@type\":\"ReadAction\",\"target\":[\"https:\/\/isic.hu\/impresszum\/\"]}]},{\"@type\":\"BreadcrumbList\",\"@id\":\"https:\/\/isic.hu\/impresszum\/#breadcrumb\",\"itemListElement\":[{\"@type\":\"ListItem\",\"position\":1,\"name\":\"Home\",\"item\":\"https:\/\/isic.hu\/en\/\"},{\"@type\":\"ListItem\",\"position\":2,\"name\":\"Impresszum\"}]},{\"@type\":\"WebSite\",\"@id\":\"https:\/\/isic.hu\/#website\",\"url\":\"https:\/\/isic.hu\/\",\"name\":\"ISIC Nemzetk\u00f6zi Di\u00e1kigazolv\u00e1ny\",\"description\":\"International Student Card\",\"potentialAction\":[{\"@type\":\"SearchAction\",\"target\":{\"@type\":\"EntryPoint\",\"urlTemplate\":\"https:\/\/isic.hu\/?s={search_term_string}\"},\"query-input\":{\"@type\":\"PropertyValueSpecification\",\"valueRequired\":true,\"valueName\":\"search_term_string\"}}],\"inLanguage\":\"en-US\"}]}<\/script>\n<!-- \/ Yoast SEO plugin. -->","yoast_head_json":{"title":"[:hu]Impresszum[:en]Impressum[:] - ISIC Nemzetk\u00f6zi Di\u00e1kigazolv\u00e1ny","description":"OTP Travel Kft. C\u00edm: 1052 Budapest, De\u00e1k Ferenc utca 7-9. Ad\u00f3sz\u00e1m: 10174902-2-41 C\u00e9gjegyz\u00e9ksz\u00e1m: 01-09-060469 &nbsp; OTP Travel Ltd. Address: 1052","robots":{"index":"index","follow":"follow","max-snippet":"max-snippet:-1","max-image-preview":"max-image-preview:large","max-video-preview":"max-video-preview:-1"},"canonical":"https:\/\/isic.hu\/impresszum\/","og_locale":"en_US","og_type":"article","og_title":"[:hu]Impresszum[:en]Impressum[:] - ISIC Nemzetk\u00f6zi Di\u00e1kigazolv\u00e1ny","og_description":"OTP Travel Kft. C\u00edm: 1052 Budapest, De\u00e1k Ferenc utca 7-9. Ad\u00f3sz\u00e1m: 10174902-2-41 C\u00e9gjegyz\u00e9ksz\u00e1m: 01-09-060469 &nbsp; OTP Travel Ltd. Address: 1052","og_url":"https:\/\/isic.hu\/impresszum\/","og_site_name":"ISIC Nemzetk\u00f6zi Di\u00e1kigazolv\u00e1ny","article_publisher":"https:\/\/www.facebook.com\/isic.hu\/","article_modified_time":"2024-01-08T15:37:29+00:00","twitter_card":"summary_large_image","twitter_misc":{"Est. reading time":"1 minute"},"schema":{"@context":"https:\/\/schema.org","@graph":[{"@type":"WebPage","@id":"https:\/\/isic.hu\/impresszum\/","url":"https:\/\/isic.hu\/impresszum\/","name":"[:hu]Impresszum[:en]Impressum[:] - ISIC Nemzetk\u00f6zi Di\u00e1kigazolv\u00e1ny","isPartOf":{"@id":"https:\/\/isic.hu\/#website"},"datePublished":"2013-08-25T09:38:56+00:00","dateModified":"2024-01-08T15:37:29+00:00","description":"OTP Travel Kft. C\u00edm: 1052 Budapest, De\u00e1k Ferenc utca 7-9. Ad\u00f3sz\u00e1m: 10174902-2-41 C\u00e9gjegyz\u00e9ksz\u00e1m: 01-09-060469 &nbsp; OTP Travel Ltd. Address: 1052","breadcrumb":{"@id":"https:\/\/isic.hu\/impresszum\/#breadcrumb"},"inLanguage":"en-US","potentialAction":[{"@type":"ReadAction","target":["https:\/\/isic.hu\/impresszum\/"]}]},{"@type":"BreadcrumbList","@id":"https:\/\/isic.hu\/impresszum\/#breadcrumb","itemListElement":[{"@type":"ListItem","position":1,"name":"Home","item":"https:\/\/isic.hu\/en\/"},{"@type":"ListItem","position":2,"name":"Impresszum"}]},{"@type":"WebSite","@id":"https:\/\/isic.hu\/#website","url":"https:\/\/isic.hu\/","name":"ISIC Nemzetk\u00f6zi Di\u00e1kigazolv\u00e1ny","description":"International Student Card","potentialAction":[{"@type":"SearchAction","target":{"@type":"EntryPoint","urlTemplate":"https:\/\/isic.hu\/?s={search_term_string}"},"query-input":{"@type":"PropertyValueSpecification","valueRequired":true,"valueName":"search_term_string"}}],"inLanguage":"en-US"}]}},"_links":{"self":[{"href":"https:\/\/isic.hu\/en\/wp-json\/wp\/v2\/pages\/53","targetHints":{"allow":["GET"]}}],"collection":[{"href":"https:\/\/isic.hu\/en\/wp-json\/wp\/v2\/pages"}],"about":[{"href":"https:\/\/isic.hu\/en\/wp-json\/wp\/v2\/types\/page"}],"author":[{"embeddable":true,"href":"https:\/\/isic.hu\/en\/wp-json\/wp\/v2\/users\/1"}],"replies":[{"embeddable":true,"href":"https:\/\/isic.hu\/en\/wp-json\/wp\/v2\/comments?post=53"}],"version-history":[{"count":13,"href":"https:\/\/isic.hu\/en\/wp-json\/wp\/v2\/pages\/53\/revisions"}],"predecessor-version":[{"id":4564,"href":"https:\/\/isic.hu\/en\/wp-json\/wp\/v2\/pages\/53\/revisions\/4564"}],"wp:attachment":[{"href":"https:\/\/isic.hu\/en\/wp-json\/wp\/v2\/media?parent=53"}],"curies":[{"name":"wp","href":"https:\/\/api.w.org\/{rel}","templated":true}]}}